{"id":17,"date":"2016-01-17T12:50:40","date_gmt":"2016-01-17T11:50:40","guid":{"rendered":"https:\/\/www.casadeltulipano.nl\/?page_id=17"},"modified":"2025-06-05T14:23:42","modified_gmt":"2025-06-05T12:23:42","slug":"contact","status":"publish","type":"page","link":"https:\/\/www.casadeltulipano.nl\/de\/contact\/","title":{"rendered":"Kontakt"},"content":{"rendered":"<div class=\"wpb-content-wrapper\"><div style=\"min-height: 700px\" class=\"vc_row wpb_row vc_row-fluid\"><div class=\"wpb_column vc_column_container vc_col-sm-6\"><div class=\"vc_column-inner\"><div class=\"wpb_wrapper\">\n\t<div class=\"wpb_text_column wpb_content_element\" >\n\t\t<div class=\"wpb_wrapper\">\n\t\t\t<p>Casa del Tulipano<br \/>\nRom\u00e9o en Angeline<br \/>\nBossolasco, Alta Langa, Pi\u00ebmonte, Noord-Itali\u00eb<br \/>\n<a href=\"mailto:info@casadeltulipano.nl\">info@casadeltulipano.nl<\/a><br \/>\n<a href=\"tel:+310653162930\">+31 (0)653162930<\/a><\/p>\n\n\t\t<\/div>\n\t<\/div>\n<div class=\"vc_btn3-container vc_btn3-left vc_do_btn\" ><a class=\"vc_general vc_btn3 vc_btn3-size-md vc_btn3-shape-rounded vc_btn3-style-flat vc_btn3-color-success\" href=\"mailto:info@casadeltulipano.nl?cc=ahpelzer@gmail.com&#038;subject=informatie%20aanvraag%20appartement\" title=\"\">Kontakt<\/a><\/div>\n\t<div  class=\"wpb_single_image wpb_content_element vc_align_left wpb_content_element\">\n\t\t\n\t\t<figure class=\"wpb_wrapper vc_figure\">\n\t\t\t<div class=\"vc_single_image-wrapper   vc_box_border_grey\"><img loading=\"lazy\" decoding=\"async\" width=\"669\" height=\"800\" src=\"https:\/\/www.casadeltulipano.nl\/wp-content\/uploads\/2019\/12\/kaart-italie2-3.jpg\" class=\"vc_single_image-img attachment-full\" alt=\"\" title=\"kaart-italie2 (3)\" srcset=\"https:\/\/www.casadeltulipano.nl\/wp-content\/uploads\/2019\/12\/kaart-italie2-3.jpg 669w, https:\/\/www.casadeltulipano.nl\/wp-content\/uploads\/2019\/12\/kaart-italie2-3-251x300.jpg 251w, https:\/\/www.casadeltulipano.nl\/wp-content\/uploads\/2019\/12\/kaart-italie2-3-418x500.jpg 418w\" sizes=\"auto, (max-width: 669px) 100vw, 669px\" \/><\/div>\n\t\t<\/figure>\n\t<\/div>\n<\/div><\/div><\/div><div class=\"wpb_column vc_column_container vc_col-sm-6\"><div class=\"vc_column-inner\"><div class=\"wpb_wrapper\">\n\t<div class=\"wpb_raw_code wpb_raw_html wpb_content_element\" >\n\t\t<div class=\"wpb_wrapper\">\n\t\t\t<iframe loading=\"lazy\" style=\"border: 0;\" src=\"https:\/\/www.google.com\/maps\/embed?pb=!1m18!1m12!1m3!1d11377.08323310682!2d8.04274939918528!3d44.53008736561519!2m3!1f0!2f0!3f0!3m2!1i1024!2i768!4f13.1!3m3!1m2!1s0x12d2b97f0e4b8f03%3A0x63e971e3c2b2d89b!2s12060+Bossolasco+CN%2C+Itali%C3%AB!5e0!3m2!1snl!2snl!4v1455461700608&amp;z=4\" width=\"800\" height=\"300\" frameborder=\"0\" allowfullscreen=\"allowfullscreen\"><\/iframe>\n\t\t<\/div>\n\t<\/div>\n<\/div><\/div><\/div><\/div>\n<\/div>","protected":false},"excerpt":{"rendered":"Casa del Tulipano Rom\u00e9o en Angeline Bossolasco, Alta Langa, Pi\u00ebmonte, Noord-Itali\u00eb info@casadeltulipano.nl +31 (0)653162930 Contact","protected":false},"author":1,"featured_media":0,"parent":0,"menu_order":0,"comment_status":"closed","ping_status":"closed","template":"","meta":{"_acf_changed":false,"footnotes":""},"class_list":["post-17","page","type-page","status-publish","hentry"],"acf":[],"_links":{"self":[{"href":"https:\/\/www.casadeltulipano.nl\/de\/wp-json\/wp\/v2\/pages\/17","targetHints":{"allow":["GET"]}}],"collection":[{"href":"https:\/\/www.casadeltulipano.nl\/de\/wp-json\/wp\/v2\/pages"}],"about":[{"href":"https:\/\/www.casadeltulipano.nl\/de\/wp-json\/wp\/v2\/types\/page"}],"author":[{"embeddable":true,"href":"https:\/\/www.casadeltulipano.nl\/de\/wp-json\/wp\/v2\/users\/1"}],"replies":[{"embeddable":true,"href":"https:\/\/www.casadeltulipano.nl\/de\/wp-json\/wp\/v2\/comments?post=17"}],"version-history":[{"count":26,"href":"https:\/\/www.casadeltulipano.nl\/de\/wp-json\/wp\/v2\/pages\/17\/revisions"}],"predecessor-version":[{"id":1839,"href":"https:\/\/www.casadeltulipano.nl\/de\/wp-json\/wp\/v2\/pages\/17\/revisions\/1839"}],"wp:attachment":[{"href":"https:\/\/www.casadeltulipano.nl\/de\/wp-json\/wp\/v2\/media?parent=17"}],"curies":[{"name":"wp","href":"https:\/\/api.w.org\/{rel}","templated":true}]}}