{"id":2,"date":"2016-01-17T12:05:24","date_gmt":"2016-01-17T11:05:24","guid":{"rendered":"http:\/\/cabrio.ictoriginaltest.local\/?page_id=2"},"modified":"2023-06-09T12:14:29","modified_gmt":"2023-06-09T11:14:29","slug":"home","status":"publish","type":"page","link":"https:\/\/www.casadeltulipano.nl\/de\/","title":{"rendered":"Boek een vakantieappartement in Pi\u00ebmonte"},"content":{"rendered":"<h3>Benvenuti a Bossolasco<\/h3>\n<p>In het dorpje Bossolasco, op een heuvelrug van 800 meter hoogte, vind je Casa del Tulipano, in de prachtige groene heuvels van de streek Alta Langa in Pi\u00ebmonte, Noord Itali\u00eb.<\/p>\n<h3>Piacere!<\/h3>\n<p>Wij zijn Angeline en Rom\u00e9o en wonen voor een groot deel van het jaar in Dogliani. In 2016 hebben wij besloten om een mooi huis te zoeken en dat te renoveren tot vakantieappartementen. Wij vonden in het centrum van Bossolasco, in de buurt van\u00a0Dogliani, het perfecte huis en hebben het Casa del Tulipano genoemd. In 2016 zijn wij met de renovatie begonnen en inmiddels bestaat Casa del Tulipano uit twee ruime 2-6 persoons vakantieappartementen. Het appartement op de begane grond hebben we volledig geschikt gemaakt voor rolstoelgebruikers.<\/p>\n<p>Bossolasco is een leuk, gezellig dorp in de streek de Langhe, het bekende wijn- en hazelnootgebied, ongeveer 70 kilometer onder Turijn. Op een paar kilometer afstand van Bossolasco\u00a0liggen de plaatsen Barolo, Alba, Belvedere Langhe en Monforte d\u2019Alba. Gezellige, levendige dorpjes die zowel met de moderne tijd zijn meegegaan, maar waar ook het oude Itali\u00eb nog elke dag te bewonderen valt.<\/p>\n<h3>Appartement huren van\u00a0Casa del Tulipano<\/h3>\n<p>Onze appartementen zijn zeer geschikt om met familie of een groep vrienden van het leven te genieten. Het appartement op de begane grond is volledig aangepast aan een rolstoel. Wil je de Langhe verkennen en dorpjes bezoeken, wijn proeven, golfen, wandelen, toeren of gewoon even tot rust komen, vier dan je vakantie in een appartement van Casa del Tulipano. Ga eens op vakantie in Noord Itali\u00eb en ervaar al het mooie dat de Langhe te bieden heeft.<\/p>","protected":false},"excerpt":{"rendered":"<p>Benvenuti a Bossolasco In het dorpje Bossolasco, op een heuvelrug van 800 meter hoogte, vind je Casa del Tulipano, in de prachtige groene heuvels van de streek Alta Langa in Pi\u00ebmonte, Noord Itali\u00eb. Piacere! Wij zijn Angeline en Rom\u00e9o en wonen voor een groot deel van het jaar in Dogliani. In 2016 hebben wij besloten [&hellip;]<\/p>\n","protected":false},"author":1,"featured_media":0,"parent":0,"menu_order":0,"comment_status":"closed","ping_status":"open","template":"","meta":{"_acf_changed":false,"footnotes":""},"class_list":["post-2","page","type-page","status-publish","hentry"],"acf":[],"_links":{"self":[{"href":"https:\/\/www.casadeltulipano.nl\/de\/wp-json\/wp\/v2\/pages\/2","targetHints":{"allow":["GET"]}}],"collection":[{"href":"https:\/\/www.casadeltulipano.nl\/de\/wp-json\/wp\/v2\/pages"}],"about":[{"href":"https:\/\/www.casadeltulipano.nl\/de\/wp-json\/wp\/v2\/types\/page"}],"author":[{"embeddable":true,"href":"https:\/\/www.casadeltulipano.nl\/de\/wp-json\/wp\/v2\/users\/1"}],"replies":[{"embeddable":true,"href":"https:\/\/www.casadeltulipano.nl\/de\/wp-json\/wp\/v2\/comments?post=2"}],"version-history":[{"count":20,"href":"https:\/\/www.casadeltulipano.nl\/de\/wp-json\/wp\/v2\/pages\/2\/revisions"}],"predecessor-version":[{"id":1441,"href":"https:\/\/www.casadeltulipano.nl\/de\/wp-json\/wp\/v2\/pages\/2\/revisions\/1441"}],"wp:attachment":[{"href":"https:\/\/www.casadeltulipano.nl\/de\/wp-json\/wp\/v2\/media?parent=2"}],"curies":[{"name":"wp","href":"https:\/\/api.w.org\/{rel}","templated":true}]}}