{"id":403,"date":"2017-03-27T18:34:14","date_gmt":"2017-03-27T17:34:14","guid":{"rendered":"https:\/\/www.casadeltulipano.nl\/?page_id=403"},"modified":"2023-06-09T12:14:29","modified_gmt":"2023-06-09T11:14:29","slug":"omgeving","status":"publish","type":"page","link":"https:\/\/www.casadeltulipano.nl\/en\/omgeving\/","title":{"rendered":"Environment"},"content":{"rendered":"<h3>Bossolasco<\/h3>\n<p>Bossolasco bevindt zich in de Alta Langa (de hoge Langa) in de streek de Langhe. Dit heuvelachtige gebied ligt in Pi\u00ebmonte, tussen Turijn, en Savona. De Langhe heeft een heleboel te bieden zoals prachtige wijnen, witte en zwarte truffels en Slow Food. In\u00a0Pi\u00ebmonte worden jaarlijks veel <a href=\"http:\/\/www.inpiemonteintorino.it\/web\/\">evenementen<\/a> georganiseerd, bijvoorbeeld het chocolade festival in Turijn, \u2018CioccolaTo\u2019, of Barolo waar de wereldberoemde gelijknamige wijn vandaan komt. Zoek je rust, maak dan een prachtige toertocht met de auto of fiets en geniet van een vers bereide maaltijden in een van de talloze trattoria\u2019s. Kijk <a href=\"https:\/\/youtu.be\/7ASVKXT8EkM\">hier<\/a> naar een filmpje om een indruk te krijgen van dit prachtige gebied.<br \/>\n<strong><br \/>\n<\/strong>Wij kozen voor een woning in Pi\u00ebmonte omdat deze regio van Itali\u00eb heel veel te bieden heeft. Bovendien is het toeristisch nog niet echt ontdekt. Zo heeft Pi\u00ebmonte een machtig en ruig berggebied genaamd de Cottische Alpen. Of de stad Turijn, waar je doorheen kunt wandelen en kunt genieten op talloze terrasjes van culinaire verrassingen. De beroemde wijnen van Barolo, het wijn,- en hazelnootgebied van de Langhe en Roero \u00e9n de jaarlijkse truffelmarkt van Alba. Dan hebben we het nog niet eens over Mondov\u00ec, waar je met een kabeltreintje\u00a0naar het oude stadsgedeelte stijgt. Bovendien is er bijna elke dag van de week wel ergens op een plein een markt\u00a0te vinden.<\/p>\n<h3>Barolo<\/h3>\n<p>De wijnliefhebbers onder ons kunnen hun geluk niet op: de streek Barolo ligt op een steenworp afstand. Barolo is misschien wel de meest bekende wijnstreek van Itali\u00eb, met tientallen wijnhuizen waar je kunt aankloppen om de wijnen te proeven en het <a href=\"https:\/\/www.wimubarolo.it\/\">wijnmuseum WiMu<\/a>. Zeker een bezoekje waard!<\/p>\n<h3>Turijn<\/h3>\n<p>Wij noemen Turijn de vergeten schat van Itali\u00eb. Een ondergewaardeerde stad, die juist zoveel moois te bieden heeft. De stad kent veel musea, waaronder het <a href=\"http:\/\/www.museoauto.it\/website\/en\">Museo dell&#8217;automobile di Torino<\/a>, het Cinemamuseum in de <a href=\"https:\/\/www.moleantonellianatorino.it\/\">Mole Antonelliana<\/a> en het bekende Egyptologisch museum. Als je van wandelen houdt, zal je verliefd worden op Turijn. De stad ligt aan de Po, een rivier die langs de stad loopt en omgeven is door een prachtig wandelpark. Onze tip: drink een wijntje aan de rand van het water, zoek een trattoria voor verse pasta en sluit af met een espresso in Caff\u00e8 Torino. Zie <a href=\"https:\/\/www.lonelyplanet.com\/articles\/top-things-to-do-in-turin\">hier<\/a> wat er zoal te bezichtigen is in Turijn.<\/p>\n<h3>Alba<\/h3>\n<p>Cultuur en markt! Alba is een prachtige middeleeuwse stad. Het wordt de stad van Ferrero (Nutella) genoemd en het staat bekend om de regionale producenten. Denk bijvoorbeeld aan ambachtelijke salami\u2019s, kazen, olijfolie en pasta\u2019s. Vooral in oktober is er in Alba veel te doen. In deze\u00a0maand vindt jaarlijks La <a href=\"https:\/\/www.fieradeltartufo.org\/\">Fiera del Tartufo<\/a>\u00a0plaats; de truffelmarkt. De eerste zondag van oktober barst de strijdt van de\u00a0Palio degli Asini los, een wedstrijd tussen ruiters op ezels om de eer van de wijk. Een bijzondere gewaarwording die je niet snel zal vergeten. Maar in Alba kun je ook een dagje lekker gaan shoppen, er zijn authentieke delicatessenwinkels maar ook hippe modezaken, een leuke mix van winkels. Iedere zaterdag in de zomermaanden is het centrum veranderd in \u00e9\u00e9n grote markt.<\/p>\n<h3>Monforte d\u2019Alba<\/h3>\n<p>Net als Alba is Monforte d\u2019Alba een pittoresk dorp met een historisch verhaal. Het dorp organiseert bovendien bijzondere activiteiten in stijl. Ieder jaar wordt het <a href=\"https:\/\/www.monfortinjazz.it\/\">jazzfestival MonfortinJazz<\/a> georganiseerd. Een fantastisch evenement wat voornamelijk &#8216;s avonds in de buitenlucht plaatsvindt.<\/p>\n<h3>Dogliani<\/h3>\n<p>Dogliani is net als Barolo een bekende wijnstreek. De streek is verbonden aan de &#8216;Dolcetto&#8217; wijn. Een bezoek aan een van de wijnhuizen raden we zeker aan. Ga eens lekker toeren en eindig in het centrum van het dorp, waar op iedere zaterdagochtend een markt staat met biologische lokale producten.<\/p>","protected":false},"excerpt":{"rendered":"<p>Bossolasco Bossolasco bevindt zich in de Alta Langa (de hoge Langa) in de streek de Langhe. Dit heuvelachtige gebied ligt in Pi\u00ebmonte, tussen Turijn, en Savona. De Langhe heeft een heleboel te bieden zoals prachtige wijnen, witte en zwarte truffels en Slow Food. In\u00a0Pi\u00ebmonte worden jaarlijks veel evenementen georganiseerd, bijvoorbeeld het chocolade festival in Turijn, [&hellip;]<\/p>\n","protected":false},"author":1,"featured_media":0,"parent":0,"menu_order":0,"comment_status":"closed","ping_status":"closed","template":"","meta":{"_acf_changed":false,"footnotes":""},"class_list":["post-403","page","type-page","status-publish","hentry"],"acf":[],"_links":{"self":[{"href":"https:\/\/www.casadeltulipano.nl\/en\/wp-json\/wp\/v2\/pages\/403","targetHints":{"allow":["GET"]}}],"collection":[{"href":"https:\/\/www.casadeltulipano.nl\/en\/wp-json\/wp\/v2\/pages"}],"about":[{"href":"https:\/\/www.casadeltulipano.nl\/en\/wp-json\/wp\/v2\/types\/page"}],"author":[{"embeddable":true,"href":"https:\/\/www.casadeltulipano.nl\/en\/wp-json\/wp\/v2\/users\/1"}],"replies":[{"embeddable":true,"href":"https:\/\/www.casadeltulipano.nl\/en\/wp-json\/wp\/v2\/comments?post=403"}],"version-history":[{"count":20,"href":"https:\/\/www.casadeltulipano.nl\/en\/wp-json\/wp\/v2\/pages\/403\/revisions"}],"predecessor-version":[{"id":1526,"href":"https:\/\/www.casadeltulipano.nl\/en\/wp-json\/wp\/v2\/pages\/403\/revisions\/1526"}],"wp:attachment":[{"href":"https:\/\/www.casadeltulipano.nl\/en\/wp-json\/wp\/v2\/media?parent=403"}],"curies":[{"name":"wp","href":"https:\/\/api.w.org\/{rel}","templated":true}]}}